{"id":520,"date":"2021-05-19T15:01:15","date_gmt":"2021-05-19T19:01:15","guid":{"rendered":"https:\/\/www.alarmedoven.com\/?page_id=520"},"modified":"2024-10-31T13:05:29","modified_gmt":"2024-10-31T17:05:29","slug":"carrieres","status":"publish","type":"page","link":"https:\/\/www.alarmedoven.com\/fr\/carrieres\/","title":{"rendered":"Carri\u00e8res"},"content":{"rendered":"<section class=\"main-container\">\n<div class=\"container\">\n<div class=\"row justify-content-between\">\n<div class=\"col-12 col-xl-6\">\n\t\t\t\t<!-- \/lc-block --><\/p>\n<div class=\"lc-block\">\n<div editable=\"rich\">\n<h2>Alarme Doven est actuellement \u00e0 la recherche d&rsquo;un technicien de s\u00e9curit\u00e9 \u00e0 temps plein!<br \/><\/h2>\n<p><strong>\u00cates-vous le genre de personne \u00e0 la recherche d&rsquo;une \u00e9quipe dynamique? Vous aimez faire quelque chose de diff\u00e9rent chaque jour? Vous aimez \u00eatre sur la route et aider les gens \u00e0 se sentir plus en s\u00e9curit\u00e9? Alors, rejoignez l&rsquo;\u00e9quipe gagnante!<\/strong><\/p>\n<ul>\n<li>Dois avoir 1 an d&rsquo;exp\u00e9rience dans les syst\u00e8mes d&rsquo;alarme, les syst\u00e8mes de maison intelligente et les cam\u00e9ras IP. Nous travaillons avec les produits suivants:<\/li>\n<ul>\n<li>DSC<\/li>\n<li>Honeywell<\/li>\n<li>Paradox<\/li>\n<li>Qolsys<\/li>\n<li>2GIG<\/li>\n<li>Hikvision<\/li>\n<li>Dahua<\/li>\n<\/ul>\n<li>Postes \u00e0 temps plein et postes \u00e0 temps partiel disponible.<\/li>\n<li>Les travaux consistent \u00e0 d\u00e9panner des syst\u00e8mes d&rsquo;alarme, \u00e0 installer des syst\u00e8mes d&rsquo;alarme r\u00e9sidentiels et commerciaux, \u00e0 modifier et \u00e0 ajouter de l&rsquo;\u00e9quipement aux syst\u00e8mes d&rsquo;alarme existants, \u00e0 installer des syst\u00e8mes de maison intelligente, \u00e0 installer des syst\u00e8mes de cam\u00e9ra pour des propri\u00e9t\u00e9s r\u00e9sidentielles et commerciales \u00e0 Montr\u00e9al, sur la rive nord et sur la rive sud.<\/li>\n<li>Dois \u00eatre bilingue.<\/li>\n<li>Dois avoir un permis de conduire valide.<\/li>\n<li>Dois avoir au moins un dipl\u00f4me d&rsquo;\u00e9tudes secondaires.<\/li>\n<li>Si moins de 5 ans d&rsquo;exp\u00e9rience doivent avoir votre propre v\u00e9hicule pour travailler et une allocation mensuelle est fournie pour l&rsquo;utilisation du v\u00e9hicule. Si plus de 5 ans d&rsquo;exp\u00e9rience une voiture vous est fournie.<\/li>\n<li>Nous paierons une allocation mensuelle pour les factures de t\u00e9l\u00e9phone portable.<\/li>\n<li>Nous paierons pour l&rsquo;utilisation de l&rsquo;essence lorsque votre propre v\u00e9hicule est utilis\u00e9.<\/li>\n<li>Dois \u00eatre disponible du lundi au vendredi.<\/li>\n<li>Dois avoir un permis valide du Bureau de S\u00e9curit\u00e9 Priv\u00e9e.<\/li>\n<li>Dois avoir votre sant\u00e9 et s\u00e9curit\u00e9 sur les chantiers de construction (carte ASP).<\/li>\n<\/ul>\n<p><strong>Salaire annuel 41,600 $ \u00e0 62,400 $ (selon l&rsquo;exp\u00e9rience)<br \/>Veuillez nous contacter au (514) 866-4664 Ext: 2<br \/><\/strong><\/p>\n<\/p><\/div>\n<\/p><\/div>\n<p><!-- \/lc-block --><br \/>\n\t\t\t\t<!-- \/lc-block -->\n\t\t\t<\/div>\n<p><!-- \/col --><\/p>\n<div class=\"col-12 col-xl-5 mt-5 mt-xl-0\">\n<div class=\"liste-services h-100 carreer-form\">\n<div class=\"lc-block\">\n<div class=\"ref_form\">\n<div lc-helper=\"shortcode\" class=\"live-shortcode\">\n<div class=\"wpcf7 no-js\" id=\"wpcf7-f524-o1\" lang=\"fr-FR\" dir=\"ltr\" data-wpcf7-id=\"524\">\n<div class=\"screen-reader-response\"><p role=\"status\" aria-live=\"polite\" aria-atomic=\"true\"><\/p> <ul><\/ul><\/div>\n<form action=\"\/fr\/wp-json\/wp\/v2\/pages\/520#wpcf7-f524-o1\" method=\"post\" class=\"wpcf7-form init\" aria-label=\"Formulaire de contact\" enctype=\"multipart\/form-data\" novalidate=\"novalidate\" data-status=\"init\">\n<fieldset class=\"hidden-fields-container\"><input type=\"hidden\" name=\"_wpcf7\" value=\"524\" \/><input type=\"hidden\" name=\"_wpcf7_version\" value=\"6.1.1\" \/><input type=\"hidden\" name=\"_wpcf7_locale\" value=\"fr_FR\" \/><input type=\"hidden\" name=\"_wpcf7_unit_tag\" value=\"wpcf7-f524-o1\" \/><input type=\"hidden\" name=\"_wpcf7_container_post\" value=\"0\" \/><input type=\"hidden\" name=\"_wpcf7_posted_data_hash\" value=\"\" \/><input type=\"hidden\" name=\"_wpcf7_recaptcha_response\" value=\"\" \/>\n<\/fieldset>\n<div class=\"theForm\">\n  <div class=\"personel_data carriere\">\n  <h2>Faites une demandes d'emplois<\/h2>\n  <div class=\"column d-flex align-items-center\">\n    <label for=\"your-name\">Nom complet *<\/label>\n    <span class=\"wpcf7-form-control-wrap\" data-name=\"your-name\"><input size=\"40\" maxlength=\"400\" class=\"wpcf7-form-control wpcf7-text wpcf7-validates-as-required\" id=\"your-name\" aria-required=\"true\" aria-invalid=\"false\" value=\"\" type=\"text\" name=\"your-name\" \/><\/span>\n  <\/div>\n  <div class=\"column d-flex align-items-center\">\n    <label for=\"your-email\">Courriel *<\/label>\n    <span class=\"wpcf7-form-control-wrap\" data-name=\"your-email\"><input size=\"40\" maxlength=\"400\" class=\"wpcf7-form-control wpcf7-email wpcf7-validates-as-required wpcf7-text wpcf7-validates-as-email\" id=\"your-email\" aria-required=\"true\" aria-invalid=\"false\" value=\"\" type=\"email\" name=\"your-email\" \/><\/span>\n  <\/div>\n  <div class=\"column d-flex align-items-center\">\n    <label for=\"your-tel\">T\u00e9l\u00e9phone *<\/label>\n    <span class=\"wpcf7-form-control-wrap\" data-name=\"your-tel\"><input size=\"40\" maxlength=\"400\" class=\"wpcf7-form-control wpcf7-tel wpcf7-validates-as-required wpcf7-text wpcf7-validates-as-tel\" id=\"your-tel\" aria-required=\"true\" aria-invalid=\"false\" value=\"\" type=\"tel\" name=\"your-tel\" \/><\/span>\n  <\/div>\n  <div class=\"column d-flex\">\n    <label for=\"your-message\">Message *<\/label>\n    <span class=\"wpcf7-form-control-wrap\" data-name=\"your-message\"><textarea cols=\"40\" rows=\"5\" maxlength=\"2000\" class=\"wpcf7-form-control wpcf7-textarea wpcf7-validates-as-required\" id=\"your-message\" aria-required=\"true\" aria-invalid=\"false\" name=\"your-message\"><\/textarea><\/span>\n  <\/div>\n  <div class=\"column\">\n      <label for='your-resume' class=\"file-label\"><span class=\"label\">CV * <span class=\"limitation\">(maximum de 5mb. .doc, .docx et .pdf seulement)<\/span><\/span><span class='input-label'><span>Choisir<\/span><\/span><\/label><span class=\"wpcf7-form-control-wrap\" data-name=\"your-resume\"><input size=\"40\" class=\"wpcf7-form-control wpcf7-file wpcf7-validates-as-required\" id=\"your-resume\" accept=\".pdf,.doc,.docx\" aria-required=\"true\" aria-invalid=\"false\" type=\"file\" name=\"your-resume\" \/><\/span>\n    <\/div>\n  <\/div>\n  <div class=\"column d-flex justify-content-end\">\n    <span class=\"wpcf7-form-control-wrap\" data-name=\"confEmail\"><input size=\"40\" maxlength=\"400\" class=\"wpcf7-form-control wpcf7-text\" id=\"confEmail\" aria-invalid=\"false\" value=\"\" type=\"text\" name=\"confEmail\" \/><\/span><input class=\"wpcf7-form-control wpcf7-submit has-spinner btn contact\" type=\"submit\" value=\"Soumettre\" \/>\n  <\/div>\n<\/div><div class=\"wpcf7-response-output\" aria-hidden=\"true\"><\/div>\n<\/form>\n<\/div>\n<\/div>\n<\/p><\/div>\n<\/p><\/div>\n<p><!-- \/lc-block --><br \/>\n\t\t\t\t\t<!-- \/lc-block -->\n\t\t\t\t<\/div>\n<\/p><\/div>\n<p><!-- \/col -->\n\t\t<\/div>\n<\/p><\/div>\n<\/section>\n","protected":false},"excerpt":{"rendered":"<p>Alarme Doven est actuellement \u00e0 la recherche d&rsquo;un technicien de s\u00e9curit\u00e9 \u00e0 temps plein! \u00cates-vous le genre de personne \u00e0 la recherche d&rsquo;une \u00e9quipe dynamique? Vous aimez faire quelque chose de diff\u00e9rent chaque jour? Vous aimez \u00eatre sur la route et aider les gens \u00e0 se sentir plus en s\u00e9curit\u00e9? Alors, rejoignez l&rsquo;\u00e9quipe gagnante! Dois [&hellip;]<\/p>\n","protected":false},"author":1,"featured_media":0,"parent":0,"menu_order":0,"comment_status":"closed","ping_status":"closed","template":"","meta":{"footnotes":""},"class_list":["post-520","page","type-page","status-publish","hentry"],"yoast_head":"<!-- This site is optimized with the Yoast SEO plugin v25.7 - https:\/\/yoast.com\/wordpress\/plugins\/seo\/ -->\n<title>Technicien de s\u00e9curit\u00e9 Montr\u00e9al | Alarme Doven<\/title>\n<meta name=\"description\" content=\"Vous aimez faire quelque chose de diff\u00e9rent chaque jour? Vous aimez \u00eatre sur la route et aider les gens \u00e0 se sentir plus en s\u00e9curit\u00e9? Alors rejoignez l&#039;\u00e9quipe gagnante!\" \/>\n<meta name=\"robots\" content=\"index, follow, max-snippet:-1, max-image-preview:large, max-video-preview:-1\" \/>\n<link rel=\"canonical\" href=\"https:\/\/www.alarmedoven.com\/fr\/carrieres\/\" \/>\n<meta property=\"og:locale\" content=\"fr_FR\" \/>\n<meta property=\"og:type\" content=\"article\" \/>\n<meta property=\"og:title\" content=\"Technicien de s\u00e9curit\u00e9 Montr\u00e9al | Alarme Doven\" \/>\n<meta property=\"og:description\" content=\"Vous aimez faire quelque chose de diff\u00e9rent chaque jour? Vous aimez \u00eatre sur la route et aider les gens \u00e0 se sentir plus en s\u00e9curit\u00e9? Alors rejoignez l&#039;\u00e9quipe gagnante!\" \/>\n<meta property=\"og:url\" content=\"https:\/\/www.alarmedoven.com\/fr\/carrieres\/\" \/>\n<meta property=\"og:site_name\" content=\"Alarme Doven\" \/>\n<meta property=\"article:modified_time\" content=\"2024-10-31T17:05:29+00:00\" \/>\n<meta name=\"twitter:card\" content=\"summary_large_image\" \/>\n<meta name=\"twitter:label1\" content=\"Dur\u00e9e de lecture estim\u00e9e\" \/>\n\t<meta name=\"twitter:data1\" content=\"1 minute\" \/>\n<script type=\"application\/ld+json\" class=\"yoast-schema-graph\">{\"@context\":\"https:\/\/schema.org\",\"@graph\":[{\"@type\":\"WebPage\",\"@id\":\"https:\/\/www.alarmedoven.com\/fr\/carrieres\/\",\"url\":\"https:\/\/www.alarmedoven.com\/fr\/carrieres\/\",\"name\":\"Technicien de s\u00e9curit\u00e9 Montr\u00e9al | Alarme Doven\",\"isPartOf\":{\"@id\":\"https:\/\/www.alarmedoven.com\/fr\/#website\"},\"datePublished\":\"2021-05-19T19:01:15+00:00\",\"dateModified\":\"2024-10-31T17:05:29+00:00\",\"description\":\"Vous aimez faire quelque chose de diff\u00e9rent chaque jour? Vous aimez \u00eatre sur la route et aider les gens \u00e0 se sentir plus en s\u00e9curit\u00e9? Alors rejoignez l'\u00e9quipe gagnante!\",\"breadcrumb\":{\"@id\":\"https:\/\/www.alarmedoven.com\/fr\/carrieres\/#breadcrumb\"},\"inLanguage\":\"fr-FR\",\"potentialAction\":[{\"@type\":\"ReadAction\",\"target\":[\"https:\/\/www.alarmedoven.com\/fr\/carrieres\/\"]}]},{\"@type\":\"BreadcrumbList\",\"@id\":\"https:\/\/www.alarmedoven.com\/fr\/carrieres\/#breadcrumb\",\"itemListElement\":[{\"@type\":\"ListItem\",\"position\":1,\"name\":\"Home\",\"item\":\"https:\/\/www.alarmedoven.com\/fr\/\"},{\"@type\":\"ListItem\",\"position\":2,\"name\":\"Carri\u00e8res\"}]},{\"@type\":\"WebSite\",\"@id\":\"https:\/\/www.alarmedoven.com\/fr\/#website\",\"url\":\"https:\/\/www.alarmedoven.com\/fr\/\",\"name\":\"Alarme Doven\",\"description\":\"Syst\u00e8me d\u2019alarme r\u00e9sidentiel et commercial \u00e0 Laval\",\"publisher\":{\"@id\":\"https:\/\/www.alarmedoven.com\/fr\/#organization\"},\"potentialAction\":[{\"@type\":\"SearchAction\",\"target\":{\"@type\":\"EntryPoint\",\"urlTemplate\":\"https:\/\/www.alarmedoven.com\/fr\/?s={search_term_string}\"},\"query-input\":{\"@type\":\"PropertyValueSpecification\",\"valueRequired\":true,\"valueName\":\"search_term_string\"}}],\"inLanguage\":\"fr-FR\"},{\"@type\":\"Organization\",\"@id\":\"https:\/\/www.alarmedoven.com\/fr\/#organization\",\"name\":\"Alarme Doven\",\"url\":\"https:\/\/www.alarmedoven.com\/fr\/\",\"logo\":{\"@type\":\"ImageObject\",\"inLanguage\":\"fr-FR\",\"@id\":\"https:\/\/www.alarmedoven.com\/fr\/#\/schema\/logo\/image\/\",\"url\":\"https:\/\/www.alarmedoven.com\/wp-content\/uploads\/2020\/06\/logo.svg\",\"contentUrl\":\"https:\/\/www.alarmedoven.com\/wp-content\/uploads\/2020\/06\/logo.svg\",\"caption\":\"Alarme Doven\"},\"image\":{\"@id\":\"https:\/\/www.alarmedoven.com\/fr\/#\/schema\/logo\/image\/\"}}]}<\/script>\n<!-- \/ Yoast SEO plugin. -->","yoast_head_json":{"title":"Technicien de s\u00e9curit\u00e9 Montr\u00e9al | Alarme Doven","description":"Vous aimez faire quelque chose de diff\u00e9rent chaque jour? Vous aimez \u00eatre sur la route et aider les gens \u00e0 se sentir plus en s\u00e9curit\u00e9? Alors rejoignez l'\u00e9quipe gagnante!","robots":{"index":"index","follow":"follow","max-snippet":"max-snippet:-1","max-image-preview":"max-image-preview:large","max-video-preview":"max-video-preview:-1"},"canonical":"https:\/\/www.alarmedoven.com\/fr\/carrieres\/","og_locale":"fr_FR","og_type":"article","og_title":"Technicien de s\u00e9curit\u00e9 Montr\u00e9al | Alarme Doven","og_description":"Vous aimez faire quelque chose de diff\u00e9rent chaque jour? Vous aimez \u00eatre sur la route et aider les gens \u00e0 se sentir plus en s\u00e9curit\u00e9? Alors rejoignez l'\u00e9quipe gagnante!","og_url":"https:\/\/www.alarmedoven.com\/fr\/carrieres\/","og_site_name":"Alarme Doven","article_modified_time":"2024-10-31T17:05:29+00:00","twitter_card":"summary_large_image","twitter_misc":{"Dur\u00e9e de lecture estim\u00e9e":"1 minute"},"schema":{"@context":"https:\/\/schema.org","@graph":[{"@type":"WebPage","@id":"https:\/\/www.alarmedoven.com\/fr\/carrieres\/","url":"https:\/\/www.alarmedoven.com\/fr\/carrieres\/","name":"Technicien de s\u00e9curit\u00e9 Montr\u00e9al | Alarme Doven","isPartOf":{"@id":"https:\/\/www.alarmedoven.com\/fr\/#website"},"datePublished":"2021-05-19T19:01:15+00:00","dateModified":"2024-10-31T17:05:29+00:00","description":"Vous aimez faire quelque chose de diff\u00e9rent chaque jour? Vous aimez \u00eatre sur la route et aider les gens \u00e0 se sentir plus en s\u00e9curit\u00e9? Alors rejoignez l'\u00e9quipe gagnante!","breadcrumb":{"@id":"https:\/\/www.alarmedoven.com\/fr\/carrieres\/#breadcrumb"},"inLanguage":"fr-FR","potentialAction":[{"@type":"ReadAction","target":["https:\/\/www.alarmedoven.com\/fr\/carrieres\/"]}]},{"@type":"BreadcrumbList","@id":"https:\/\/www.alarmedoven.com\/fr\/carrieres\/#breadcrumb","itemListElement":[{"@type":"ListItem","position":1,"name":"Home","item":"https:\/\/www.alarmedoven.com\/fr\/"},{"@type":"ListItem","position":2,"name":"Carri\u00e8res"}]},{"@type":"WebSite","@id":"https:\/\/www.alarmedoven.com\/fr\/#website","url":"https:\/\/www.alarmedoven.com\/fr\/","name":"Alarme Doven","description":"Syst\u00e8me d\u2019alarme r\u00e9sidentiel et commercial \u00e0 Laval","publisher":{"@id":"https:\/\/www.alarmedoven.com\/fr\/#organization"},"potentialAction":[{"@type":"SearchAction","target":{"@type":"EntryPoint","urlTemplate":"https:\/\/www.alarmedoven.com\/fr\/?s={search_term_string}"},"query-input":{"@type":"PropertyValueSpecification","valueRequired":true,"valueName":"search_term_string"}}],"inLanguage":"fr-FR"},{"@type":"Organization","@id":"https:\/\/www.alarmedoven.com\/fr\/#organization","name":"Alarme Doven","url":"https:\/\/www.alarmedoven.com\/fr\/","logo":{"@type":"ImageObject","inLanguage":"fr-FR","@id":"https:\/\/www.alarmedoven.com\/fr\/#\/schema\/logo\/image\/","url":"https:\/\/www.alarmedoven.com\/wp-content\/uploads\/2020\/06\/logo.svg","contentUrl":"https:\/\/www.alarmedoven.com\/wp-content\/uploads\/2020\/06\/logo.svg","caption":"Alarme Doven"},"image":{"@id":"https:\/\/www.alarmedoven.com\/fr\/#\/schema\/logo\/image\/"}}]}},"_links":{"self":[{"href":"https:\/\/www.alarmedoven.com\/fr\/wp-json\/wp\/v2\/pages\/520","targetHints":{"allow":["GET"]}}],"collection":[{"href":"https:\/\/www.alarmedoven.com\/fr\/wp-json\/wp\/v2\/pages"}],"about":[{"href":"https:\/\/www.alarmedoven.com\/fr\/wp-json\/wp\/v2\/types\/page"}],"author":[{"embeddable":true,"href":"https:\/\/www.alarmedoven.com\/fr\/wp-json\/wp\/v2\/users\/1"}],"replies":[{"embeddable":true,"href":"https:\/\/www.alarmedoven.com\/fr\/wp-json\/wp\/v2\/comments?post=520"}],"version-history":[{"count":6,"href":"https:\/\/www.alarmedoven.com\/fr\/wp-json\/wp\/v2\/pages\/520\/revisions"}],"predecessor-version":[{"id":718,"href":"https:\/\/www.alarmedoven.com\/fr\/wp-json\/wp\/v2\/pages\/520\/revisions\/718"}],"wp:attachment":[{"href":"https:\/\/www.alarmedoven.com\/fr\/wp-json\/wp\/v2\/media?parent=520"}],"curies":[{"name":"wp","href":"https:\/\/api.w.org\/{rel}","templated":true}]}}