{"id":16,"date":"2020-06-24T15:11:12","date_gmt":"2020-06-24T15:11:12","guid":{"rendered":"https:\/\/www.alarmedoven.com\/?page_id=16"},"modified":"2024-10-31T12:35:40","modified_gmt":"2024-10-31T16:35:40","slug":"programme-de-reference","status":"publish","type":"page","link":"https:\/\/www.alarmedoven.com\/fr\/programme-de-reference\/","title":{"rendered":"Programme de r\u00e9f\u00e9rence"},"content":{"rendered":"<section class=\"h1-container reference-container\">\n<div class=\"container\">\n<div class=\"row d-flex d-lg-block justify-content-center flex-column flex-lg-row align-items-center\">\n<div class=\"col-12 d-flex d-lg-block justify-content-center flex-column flex-lg-row align-items-center\">\n<div class=\"lc-block\">\n<div editable=\"rich\" class=\"h1-div\">\n<h1><strong>Profitez du programme<br \/>de r\u00e9f\u00e9rence d\u2019Alarme Doven pour<br \/><\/strong>vos installations et renouvellements <br \/><\/h1>\n<\/p><\/div>\n<\/p><\/div>\n<p><!-- \/lc-block --><\/p>\n<div class=\"lc-block text-center text-lg-left\">\n<div lc-helper=\"shortcode\" class=\"live-shortcode\"><a class=\"contact btn\" href=\"https:\/\/www.alarmedoven.com\/fr\/contact\/\" aria-label=\"Obtenez une soumission\">Obtenez une soumission<\/a><\/div>\n<\/p><\/div>\n<p><!-- \/lc-block -->\n\t\t\t<\/div>\n<p><!-- \/col -->\n\t\t<\/div>\n<\/p><\/div>\n<\/section>\n<section class=\"main-container\">\n<div class=\"container\">\n<div class=\"row align-items-center justify-content-between\">\n<div class=\"col-12 col-xl-6\">\n<div class=\"lc-block\">\n<div lc-helper=\"shortcode\" class=\"live-shortcode\"><div class=\"sharethis-inline-share-buttons mb-4\"><\/div><\/div>\n<\/p><\/div>\n<p><!-- \/lc-block --><\/p>\n<div class=\"lc-block\">\n<div editable=\"rich\">\n<h2>PARTICIPEZ AU PROGRAMME DE R\u00c9F\u00c9RENCE D\u2019ALARME DOVEN ET NOUS VOUS OFFRIRONS 20$ DE CR\u00c9DIT POUR VOTRE PROCHAIN RENOUVELLEMENT!<\/h2>\n<p>Comment cela fonctionne?<\/p>\n<p>Pour b\u00e9n\u00e9ficier de cette offre, vous devez \u00eatre un client d\u2019Alarme Doven et poss\u00e9der un abonnement \u00e0 notre surveillance r\u00e9sidentielle ou \u00e0 notre surveillance commerciale.<\/p>\n<p>Si c\u2019est le cas, soumettez-nous le nom de quelqu\u2019un qui souhaite souscrire \u00e0 un abonnement de t\u00e9l\u00e9surveillance.<\/p>\n<p>Si votre r\u00e9f\u00e9rence souscrit \u00e0 cette offre et devient client Alarme Doven \u00e0 Montr\u00e9al, nous appliquerons le rabais de votre t\u00e9l\u00e9surveillance sur votre prochain renouvellement d\u2019abonnement \u00e0 notre centrale de surveillance.<\/p>\n<p>La r\u00e9f\u00e9rence doit nous \u00eatre transmise au minimum 60 jours avant la date de renouvellement. Dans le cas contraire, le rabais s\u2019appliquera l\u2019ann\u00e9e suivante.<\/p>\n<p>Cette offre est valide \u00e0 compter du 1er avril 2020 et peut prendre fin en tout temps. <\/p>\n<\/p><\/div>\n<\/p><\/div>\n<p><!-- \/lc-block --><br \/>\n\t\t\t\t<!-- \/lc-block -->\n\t\t\t<\/div>\n<p><!-- \/col --><\/p>\n<div class=\"col-12 col-xl-5 mt-5 mt-xl-0\">\n<div class=\"liste-services\">\n<div class=\"lc-block\">\n<div class=\"ref_form\">\n<div lc-helper=\"shortcode\" class=\"live-shortcode\">\n<div class=\"wpcf7 no-js\" id=\"wpcf7-f203-o1\" lang=\"fr-FR\" dir=\"ltr\" data-wpcf7-id=\"203\">\n<div class=\"screen-reader-response\"><p role=\"status\" aria-live=\"polite\" aria-atomic=\"true\"><\/p> <ul><\/ul><\/div>\n<form action=\"\/fr\/wp-json\/wp\/v2\/pages\/16#wpcf7-f203-o1\" method=\"post\" class=\"wpcf7-form init\" aria-label=\"Formulaire de contact\" novalidate=\"novalidate\" data-status=\"init\">\n<fieldset class=\"hidden-fields-container\"><input type=\"hidden\" name=\"_wpcf7\" value=\"203\" \/><input type=\"hidden\" name=\"_wpcf7_version\" value=\"6.1.1\" \/><input type=\"hidden\" name=\"_wpcf7_locale\" value=\"fr_FR\" \/><input type=\"hidden\" name=\"_wpcf7_unit_tag\" value=\"wpcf7-f203-o1\" \/><input type=\"hidden\" name=\"_wpcf7_container_post\" value=\"0\" \/><input type=\"hidden\" name=\"_wpcf7_posted_data_hash\" value=\"\" \/><input type=\"hidden\" name=\"_wpcf7_recaptcha_response\" value=\"\" \/>\n<\/fieldset>\n<div class=\"theForm\">\n<div class=\"personel_data\">  \n<h2>Entrez vos informations personnelles :<\/h2>\n  <div class=\"column d-flex align-items-center flex-column flex-xl-row\">\n    <label for=\"your-name\">Nom complet *<\/label><span class=\"wpcf7-form-control-wrap\" data-name=\"your-name\"><input size=\"40\" maxlength=\"400\" class=\"wpcf7-form-control wpcf7-text wpcf7-validates-as-required\" id=\"your-name\" aria-required=\"true\" aria-invalid=\"false\" value=\"\" type=\"text\" name=\"your-name\" \/><\/span>\n  <\/div>\n  <div class=\"column d-flex align-items-center flex-column flex-xl-row\">\n    <label for=\"your-email\">Courriel *<\/label><span class=\"wpcf7-form-control-wrap\" data-name=\"your-email\"><input size=\"40\" maxlength=\"400\" class=\"wpcf7-form-control wpcf7-email wpcf7-validates-as-required wpcf7-text wpcf7-validates-as-email\" id=\"your-email\" aria-required=\"true\" aria-invalid=\"false\" value=\"\" type=\"email\" name=\"your-email\" \/><\/span>\n  <\/div>\n  <div class=\"column d-flex align-items-center flex-column flex-xl-row\">\n    <label for=\"your-tel\">T\u00e9l\u00e9phone *<\/label><span class=\"wpcf7-form-control-wrap\" data-name=\"your-tel\"><input size=\"40\" maxlength=\"400\" class=\"wpcf7-form-control wpcf7-tel wpcf7-validates-as-required wpcf7-text wpcf7-validates-as-tel\" id=\"your-tel\" aria-required=\"true\" aria-invalid=\"false\" value=\"\" type=\"tel\" name=\"your-tel\" \/><\/span>\n  <\/div>\n  <div class=\"column d-flex align-items-center flex-column flex-xl-row\">\n    <label for=\"no-client\"># de client Doven : *<\/label><span class=\"wpcf7-form-control-wrap\" data-name=\"no-client\"><input size=\"40\" maxlength=\"400\" class=\"wpcf7-form-control wpcf7-text wpcf7-validates-as-required\" id=\"no-client\" aria-required=\"true\" aria-invalid=\"false\" value=\"\" type=\"text\" name=\"no-client\" \/><\/span>\n  <\/div>\n<\/div>\n<div class='data_recommander'>\n<h2>Entrez les informations personnelles de la personne que vous souhaitez nous r\u00e9f\u00e9rer :<\/h2>\n  <div class=\"column d-flex align-items-center flex-column flex-xl-row\">\n<label for=\"their-name\">Nom complet :*<\/label><span class=\"wpcf7-form-control-wrap\" data-name=\"their-name\"><input size=\"40\" maxlength=\"400\" class=\"wpcf7-form-control wpcf7-text wpcf7-validates-as-required\" aria-required=\"true\" aria-invalid=\"false\" value=\"\" type=\"text\" name=\"their-name\" \/><\/span>\n  <\/div>\n  <div class=\"column d-flex align-items-center flex-column flex-xl-row\">\n    <label for=\"their-email\">Courriel :*<\/label><span class=\"wpcf7-form-control-wrap\" data-name=\"their-email\"><input size=\"40\" maxlength=\"400\" class=\"wpcf7-form-control wpcf7-email wpcf7-validates-as-required wpcf7-text wpcf7-validates-as-email\" aria-required=\"true\" aria-invalid=\"false\" value=\"\" type=\"email\" name=\"their-email\" \/><\/span>\n  <\/div>\n  <div class=\"column d-flex align-items-center flex-column flex-xl-row\">\n    <label for=\"their-tel\">T\u00e9l\u00e9phone :*<\/label><span class=\"wpcf7-form-control-wrap\" data-name=\"their-tel\"><input size=\"40\" maxlength=\"400\" class=\"wpcf7-form-control wpcf7-tel wpcf7-validates-as-required wpcf7-text wpcf7-validates-as-tel\" id=\"their-tel\" aria-required=\"true\" aria-invalid=\"false\" value=\"\" type=\"tel\" name=\"their-tel\" \/><\/span>\n  <\/div>\n  <div class=\"column d-flex align-items-center flex-column flex-xl-row\">\n    <label for=\"their-adresse\">Adresse : *<\/label><span class=\"wpcf7-form-control-wrap\" data-name=\"their-adresse\"><input size=\"40\" maxlength=\"400\" class=\"wpcf7-form-control wpcf7-text wpcf7-validates-as-required\" id=\"their-adresse\" aria-required=\"true\" aria-invalid=\"false\" value=\"\" type=\"text\" name=\"their-adresse\" \/><\/span>\n  <\/div>\n<\/div>\n  <div class=\"column d-flex justify-content-end flex-column flex-xl-row\">\n    <span class=\"wpcf7-form-control-wrap\" data-name=\"confEmail\"><input size=\"40\" maxlength=\"400\" class=\"wpcf7-form-control wpcf7-text\" id=\"confEmail\" aria-invalid=\"false\" value=\"\" type=\"text\" name=\"confEmail\" \/><\/span><input class=\"wpcf7-form-control wpcf7-submit has-spinner btn contact\" type=\"submit\" value=\"Soumettre\" \/>\n  <\/div>\n<\/div><div class=\"wpcf7-response-output\" aria-hidden=\"true\"><\/div>\n<\/form>\n<\/div>\n<\/div>\n<\/p><\/div>\n<\/p><\/div>\n<p><!-- \/lc-block --><br \/>\n\t\t\t\t\t<!-- \/lc-block -->\n\t\t\t\t<\/div>\n<\/p><\/div>\n<p><!-- \/col -->\n\t\t<\/div>\n<\/p><\/div>\n<\/section>\n","protected":false},"excerpt":{"rendered":"<p>Profitez du programmede r\u00e9f\u00e9rence d\u2019Alarme Doven pourvos installations et renouvellements PARTICIPEZ AU PROGRAMME DE R\u00c9F\u00c9RENCE D\u2019ALARME DOVEN ET NOUS VOUS OFFRIRONS 20$ DE CR\u00c9DIT POUR VOTRE PROCHAIN RENOUVELLEMENT! Comment cela fonctionne? Pour b\u00e9n\u00e9ficier de cette offre, vous devez \u00eatre un client d\u2019Alarme Doven et poss\u00e9der un abonnement \u00e0 notre surveillance r\u00e9sidentielle ou \u00e0 notre surveillance [&hellip;]<\/p>\n","protected":false},"author":1,"featured_media":0,"parent":0,"menu_order":0,"comment_status":"closed","ping_status":"closed","template":"","meta":{"footnotes":""},"class_list":["post-16","page","type-page","status-publish","hentry"],"yoast_head":"<!-- This site is optimized with the Yoast SEO plugin v25.7 - https:\/\/yoast.com\/wordpress\/plugins\/seo\/ -->\n<title>Programme t\u00e9l\u00e9surveillance Montr\u00e9al | Alarme Doven<\/title>\n<meta name=\"description\" content=\"Participez au programme de r\u00e9f\u00e9rence d\u2019Alarme Doven et recevez 20$ de cr\u00e9dit lors de votre prochain renouvellement \u00e0 Montr\u00e9al, sur la Rive-Sud et sur la Rive-Nord.\" \/>\n<meta name=\"robots\" content=\"index, follow, max-snippet:-1, max-image-preview:large, max-video-preview:-1\" \/>\n<link rel=\"canonical\" href=\"https:\/\/www.alarmedoven.com\/fr\/programme-de-reference\/\" \/>\n<meta property=\"og:locale\" content=\"fr_FR\" \/>\n<meta property=\"og:type\" content=\"article\" \/>\n<meta property=\"og:title\" content=\"Programme t\u00e9l\u00e9surveillance Montr\u00e9al | Alarme Doven\" \/>\n<meta property=\"og:description\" content=\"Participez au programme de r\u00e9f\u00e9rence d\u2019Alarme Doven et recevez 20$ de cr\u00e9dit lors de votre prochain renouvellement \u00e0 Montr\u00e9al, sur la Rive-Sud et sur la Rive-Nord.\" \/>\n<meta property=\"og:url\" content=\"https:\/\/www.alarmedoven.com\/fr\/programme-de-reference\/\" \/>\n<meta property=\"og:site_name\" content=\"Alarme Doven\" \/>\n<meta property=\"article:modified_time\" content=\"2024-10-31T16:35:40+00:00\" \/>\n<meta name=\"twitter:card\" content=\"summary_large_image\" \/>\n<meta name=\"twitter:label1\" content=\"Dur\u00e9e de lecture estim\u00e9e\" \/>\n\t<meta name=\"twitter:data1\" content=\"1 minute\" \/>\n<script type=\"application\/ld+json\" class=\"yoast-schema-graph\">{\"@context\":\"https:\/\/schema.org\",\"@graph\":[{\"@type\":\"WebPage\",\"@id\":\"https:\/\/www.alarmedoven.com\/fr\/programme-de-reference\/\",\"url\":\"https:\/\/www.alarmedoven.com\/fr\/programme-de-reference\/\",\"name\":\"Programme t\u00e9l\u00e9surveillance Montr\u00e9al | Alarme Doven\",\"isPartOf\":{\"@id\":\"https:\/\/www.alarmedoven.com\/fr\/#website\"},\"datePublished\":\"2020-06-24T15:11:12+00:00\",\"dateModified\":\"2024-10-31T16:35:40+00:00\",\"description\":\"Participez au programme de r\u00e9f\u00e9rence d\u2019Alarme Doven et recevez 20$ de cr\u00e9dit lors de votre prochain renouvellement \u00e0 Montr\u00e9al, sur la Rive-Sud et sur la Rive-Nord.\",\"breadcrumb\":{\"@id\":\"https:\/\/www.alarmedoven.com\/fr\/programme-de-reference\/#breadcrumb\"},\"inLanguage\":\"fr-FR\",\"potentialAction\":[{\"@type\":\"ReadAction\",\"target\":[\"https:\/\/www.alarmedoven.com\/fr\/programme-de-reference\/\"]}]},{\"@type\":\"BreadcrumbList\",\"@id\":\"https:\/\/www.alarmedoven.com\/fr\/programme-de-reference\/#breadcrumb\",\"itemListElement\":[{\"@type\":\"ListItem\",\"position\":1,\"name\":\"Home\",\"item\":\"https:\/\/www.alarmedoven.com\/fr\/\"},{\"@type\":\"ListItem\",\"position\":2,\"name\":\"Programme de r\u00e9f\u00e9rence\"}]},{\"@type\":\"WebSite\",\"@id\":\"https:\/\/www.alarmedoven.com\/fr\/#website\",\"url\":\"https:\/\/www.alarmedoven.com\/fr\/\",\"name\":\"Alarme Doven\",\"description\":\"Syst\u00e8me d\u2019alarme r\u00e9sidentiel et commercial \u00e0 Laval\",\"publisher\":{\"@id\":\"https:\/\/www.alarmedoven.com\/fr\/#organization\"},\"potentialAction\":[{\"@type\":\"SearchAction\",\"target\":{\"@type\":\"EntryPoint\",\"urlTemplate\":\"https:\/\/www.alarmedoven.com\/fr\/?s={search_term_string}\"},\"query-input\":{\"@type\":\"PropertyValueSpecification\",\"valueRequired\":true,\"valueName\":\"search_term_string\"}}],\"inLanguage\":\"fr-FR\"},{\"@type\":\"Organization\",\"@id\":\"https:\/\/www.alarmedoven.com\/fr\/#organization\",\"name\":\"Alarme Doven\",\"url\":\"https:\/\/www.alarmedoven.com\/fr\/\",\"logo\":{\"@type\":\"ImageObject\",\"inLanguage\":\"fr-FR\",\"@id\":\"https:\/\/www.alarmedoven.com\/fr\/#\/schema\/logo\/image\/\",\"url\":\"https:\/\/www.alarmedoven.com\/wp-content\/uploads\/2020\/06\/logo.svg\",\"contentUrl\":\"https:\/\/www.alarmedoven.com\/wp-content\/uploads\/2020\/06\/logo.svg\",\"caption\":\"Alarme Doven\"},\"image\":{\"@id\":\"https:\/\/www.alarmedoven.com\/fr\/#\/schema\/logo\/image\/\"}}]}<\/script>\n<!-- \/ Yoast SEO plugin. -->","yoast_head_json":{"title":"Programme t\u00e9l\u00e9surveillance Montr\u00e9al | Alarme Doven","description":"Participez au programme de r\u00e9f\u00e9rence d\u2019Alarme Doven et recevez 20$ de cr\u00e9dit lors de votre prochain renouvellement \u00e0 Montr\u00e9al, sur la Rive-Sud et sur la Rive-Nord.","robots":{"index":"index","follow":"follow","max-snippet":"max-snippet:-1","max-image-preview":"max-image-preview:large","max-video-preview":"max-video-preview:-1"},"canonical":"https:\/\/www.alarmedoven.com\/fr\/programme-de-reference\/","og_locale":"fr_FR","og_type":"article","og_title":"Programme t\u00e9l\u00e9surveillance Montr\u00e9al | Alarme Doven","og_description":"Participez au programme de r\u00e9f\u00e9rence d\u2019Alarme Doven et recevez 20$ de cr\u00e9dit lors de votre prochain renouvellement \u00e0 Montr\u00e9al, sur la Rive-Sud et sur la Rive-Nord.","og_url":"https:\/\/www.alarmedoven.com\/fr\/programme-de-reference\/","og_site_name":"Alarme Doven","article_modified_time":"2024-10-31T16:35:40+00:00","twitter_card":"summary_large_image","twitter_misc":{"Dur\u00e9e de lecture estim\u00e9e":"1 minute"},"schema":{"@context":"https:\/\/schema.org","@graph":[{"@type":"WebPage","@id":"https:\/\/www.alarmedoven.com\/fr\/programme-de-reference\/","url":"https:\/\/www.alarmedoven.com\/fr\/programme-de-reference\/","name":"Programme t\u00e9l\u00e9surveillance Montr\u00e9al | Alarme Doven","isPartOf":{"@id":"https:\/\/www.alarmedoven.com\/fr\/#website"},"datePublished":"2020-06-24T15:11:12+00:00","dateModified":"2024-10-31T16:35:40+00:00","description":"Participez au programme de r\u00e9f\u00e9rence d\u2019Alarme Doven et recevez 20$ de cr\u00e9dit lors de votre prochain renouvellement \u00e0 Montr\u00e9al, sur la Rive-Sud et sur la Rive-Nord.","breadcrumb":{"@id":"https:\/\/www.alarmedoven.com\/fr\/programme-de-reference\/#breadcrumb"},"inLanguage":"fr-FR","potentialAction":[{"@type":"ReadAction","target":["https:\/\/www.alarmedoven.com\/fr\/programme-de-reference\/"]}]},{"@type":"BreadcrumbList","@id":"https:\/\/www.alarmedoven.com\/fr\/programme-de-reference\/#breadcrumb","itemListElement":[{"@type":"ListItem","position":1,"name":"Home","item":"https:\/\/www.alarmedoven.com\/fr\/"},{"@type":"ListItem","position":2,"name":"Programme de r\u00e9f\u00e9rence"}]},{"@type":"WebSite","@id":"https:\/\/www.alarmedoven.com\/fr\/#website","url":"https:\/\/www.alarmedoven.com\/fr\/","name":"Alarme Doven","description":"Syst\u00e8me d\u2019alarme r\u00e9sidentiel et commercial \u00e0 Laval","publisher":{"@id":"https:\/\/www.alarmedoven.com\/fr\/#organization"},"potentialAction":[{"@type":"SearchAction","target":{"@type":"EntryPoint","urlTemplate":"https:\/\/www.alarmedoven.com\/fr\/?s={search_term_string}"},"query-input":{"@type":"PropertyValueSpecification","valueRequired":true,"valueName":"search_term_string"}}],"inLanguage":"fr-FR"},{"@type":"Organization","@id":"https:\/\/www.alarmedoven.com\/fr\/#organization","name":"Alarme Doven","url":"https:\/\/www.alarmedoven.com\/fr\/","logo":{"@type":"ImageObject","inLanguage":"fr-FR","@id":"https:\/\/www.alarmedoven.com\/fr\/#\/schema\/logo\/image\/","url":"https:\/\/www.alarmedoven.com\/wp-content\/uploads\/2020\/06\/logo.svg","contentUrl":"https:\/\/www.alarmedoven.com\/wp-content\/uploads\/2020\/06\/logo.svg","caption":"Alarme Doven"},"image":{"@id":"https:\/\/www.alarmedoven.com\/fr\/#\/schema\/logo\/image\/"}}]}},"_links":{"self":[{"href":"https:\/\/www.alarmedoven.com\/fr\/wp-json\/wp\/v2\/pages\/16","targetHints":{"allow":["GET"]}}],"collection":[{"href":"https:\/\/www.alarmedoven.com\/fr\/wp-json\/wp\/v2\/pages"}],"about":[{"href":"https:\/\/www.alarmedoven.com\/fr\/wp-json\/wp\/v2\/types\/page"}],"author":[{"embeddable":true,"href":"https:\/\/www.alarmedoven.com\/fr\/wp-json\/wp\/v2\/users\/1"}],"replies":[{"embeddable":true,"href":"https:\/\/www.alarmedoven.com\/fr\/wp-json\/wp\/v2\/comments?post=16"}],"version-history":[{"count":8,"href":"https:\/\/www.alarmedoven.com\/fr\/wp-json\/wp\/v2\/pages\/16\/revisions"}],"predecessor-version":[{"id":713,"href":"https:\/\/www.alarmedoven.com\/fr\/wp-json\/wp\/v2\/pages\/16\/revisions\/713"}],"wp:attachment":[{"href":"https:\/\/www.alarmedoven.com\/fr\/wp-json\/wp\/v2\/media?parent=16"}],"curies":[{"name":"wp","href":"https:\/\/api.w.org\/{rel}","templated":true}]}}