{"id":527,"date":"2021-05-20T08:56:06","date_gmt":"2021-05-20T12:56:06","guid":{"rendered":"https:\/\/www.alarmedoven.com\/?page_id=527"},"modified":"2024-10-31T13:49:47","modified_gmt":"2024-10-31T17:49:47","slug":"careers","status":"publish","type":"page","link":"https:\/\/www.alarmedoven.com\/en\/careers\/","title":{"rendered":"Careers"},"content":{"rendered":"<section class=\"main-container\">\n<div class=\"container\">\n<div class=\"row justify-content-between\">\n<div class=\"col-12 col-xl-6\">\n\t\t\t\t<!-- \/lc-block --><\/p>\n<div class=\"lc-block\">\n<div editable=\"rich\">\n<h2>Alarme Doven is currently looking for a full-time security technician!<\/h2>\n<p><strong>Are you the type of person who is looking for a great team dynamic? Enjoy doing something different every day? Enjoy being on the road and helping people feel more secure? Then come join the winning team!<\/strong><\/p>\n<p>\u2022&nbsp;&nbsp;&nbsp; Must be Bilingual<\/p>\n<ul>\n<li>\u2022&nbsp;&nbsp;&nbsp; Must have 1 year experience in alarm systems, smart home systems and IP cameras. We work with the following products:<\/li>\n<ul>\n<li>DSC<\/li>\n<li>Honeywell<\/li>\n<li>Paradox<\/li>\n<li>Qolsys<\/li>\n<li>2GIG<\/li>\n<li>Hikvision<\/li>\n<li>Dahua<\/li>\n<\/ul>\n<li>\u2022&nbsp;&nbsp;&nbsp; Full-time positions and part-time positions available.<\/li>\n<li>\u2022&nbsp;&nbsp;&nbsp; Work consists of trouble shooting alarm systems, installing residential and commercial alarm systems, modifying and adding equipment to existing alarm systems, installing smart home systems, installing camera systems for residential and commercial properties in Montreal, the North Shore, and the south shore.<\/li>\n<li>\u2022&nbsp;&nbsp;&nbsp; Must have a valid driver&#8217;s licence.<\/li>\n<li>\u2022&nbsp;&nbsp;&nbsp; Must have at least a high school diploma.<\/li>\n<li>\u2022&nbsp;&nbsp;&nbsp; If below 5 years experience must have your own vehicle to work and a monthly allowance will be provided for vehicle use. If over 5 years experience, a car will be provided to you.<\/li>\n<li>\u2022&nbsp;&nbsp;&nbsp; We will pay a monthly allowance for cell phone bills.<\/li>\n<li>\u2022&nbsp;&nbsp;&nbsp; We will pay for gas usage when your own vehicle is used.<\/li>\n<li>\u2022&nbsp;&nbsp;&nbsp; Must be available Monday to Friday.<\/li>\n<li>\u2022&nbsp;&nbsp;&nbsp; Must have a valid permit from the Bureau de S\u00e9curit\u00e9 Priv\u00e9e.<\/li>\n<li>\u2022&nbsp;&nbsp;&nbsp; Must have your Health and Safety on construction sites (ASP Card).<\/li>\n<\/ul>\n<p><strong>Yearly salary 41,600$ to 62,400$ (depending on experience)<br \/>Please contact us at (514) 866-4664 Ext: 2<br \/><\/strong><\/p>\n<\/p><\/div>\n<\/p><\/div>\n<p><!-- \/lc-block --><br \/>\n\t\t\t\t<!-- \/lc-block -->\n\t\t\t<\/div>\n<p><!-- \/col --><\/p>\n<div class=\"col-12 col-xl-5 mt-5 mt-xl-0\">\n<div class=\"liste-services h-100 carreer-form\">\n<div class=\"lc-block\">\n<div class=\"ref_form\">\n<div lc-helper=\"shortcode\" class=\"live-shortcode\">\n<div class=\"wpcf7 no-js\" id=\"wpcf7-f530-o1\" lang=\"en-US\" dir=\"ltr\" data-wpcf7-id=\"530\">\n<div class=\"screen-reader-response\"><p role=\"status\" aria-live=\"polite\" aria-atomic=\"true\"><\/p> <ul><\/ul><\/div>\n<form action=\"\/en\/wp-json\/wp\/v2\/pages\/527#wpcf7-f530-o1\" method=\"post\" class=\"wpcf7-form init\" aria-label=\"Contact form\" enctype=\"multipart\/form-data\" novalidate=\"novalidate\" data-status=\"init\">\n<fieldset class=\"hidden-fields-container\"><input type=\"hidden\" name=\"_wpcf7\" value=\"530\" \/><input type=\"hidden\" name=\"_wpcf7_version\" value=\"6.1.1\" \/><input type=\"hidden\" name=\"_wpcf7_locale\" value=\"en_US\" \/><input type=\"hidden\" name=\"_wpcf7_unit_tag\" value=\"wpcf7-f530-o1\" \/><input type=\"hidden\" name=\"_wpcf7_container_post\" value=\"0\" \/><input type=\"hidden\" name=\"_wpcf7_posted_data_hash\" value=\"\" \/><input type=\"hidden\" name=\"_wpcf7_recaptcha_response\" value=\"\" \/>\n<\/fieldset>\n<div class=\"theForm\">\n  <div class=\"personel_data carriere\">\n  <h2>Apply for a job<\/h2>\n  <div class=\"column d-flex align-items-center\">\n    <label for=\"your-name\">Full name *<\/label>\n    <span class=\"wpcf7-form-control-wrap\" data-name=\"your-name\"><input size=\"40\" maxlength=\"400\" class=\"wpcf7-form-control wpcf7-text wpcf7-validates-as-required\" id=\"your-name\" aria-required=\"true\" aria-invalid=\"false\" value=\"\" type=\"text\" name=\"your-name\" \/><\/span>\n  <\/div>\n  <div class=\"column d-flex align-items-center\">\n    <label for=\"your-email\">Email *<\/label>\n    <span class=\"wpcf7-form-control-wrap\" data-name=\"your-email\"><input size=\"40\" maxlength=\"400\" class=\"wpcf7-form-control wpcf7-email wpcf7-validates-as-required wpcf7-text wpcf7-validates-as-email\" id=\"your-email\" aria-required=\"true\" aria-invalid=\"false\" value=\"\" type=\"email\" name=\"your-email\" \/><\/span>\n  <\/div>\n  <div class=\"column d-flex align-items-center\">\n    <label for=\"your-tel\">Phone *<\/label>\n    <span class=\"wpcf7-form-control-wrap\" data-name=\"your-tel\"><input size=\"40\" maxlength=\"400\" class=\"wpcf7-form-control wpcf7-tel wpcf7-validates-as-required wpcf7-text wpcf7-validates-as-tel\" id=\"your-tel\" aria-required=\"true\" aria-invalid=\"false\" value=\"\" type=\"tel\" name=\"your-tel\" \/><\/span>\n  <\/div>\n  <div class=\"column d-flex\">\n    <label for=\"your-message\">Message *<\/label>\n    <span class=\"wpcf7-form-control-wrap\" data-name=\"your-message\"><textarea cols=\"40\" rows=\"5\" maxlength=\"2000\" class=\"wpcf7-form-control wpcf7-textarea wpcf7-validates-as-required\" id=\"your-message\" aria-required=\"true\" aria-invalid=\"false\" name=\"your-message\"><\/textarea><\/span>\n  <\/div>\n  <div class=\"column\">\n      <label for=\"your-resume\" class=\"file-label\"><span class=\"label\">Resume * <span class=\"limitation\">(maximum of 5mb. .doc, .docx and .pdf Only)<\/span><\/span><span class=\"input-label\"><span>Choose<\/span><\/span><\/label><span class=\"wpcf7-form-control-wrap\" data-name=\"your-resume\"><input size=\"40\" class=\"wpcf7-form-control wpcf7-file wpcf7-validates-as-required\" id=\"your-resume\" accept=\".pdf,.doc,.docx\" aria-required=\"true\" aria-invalid=\"false\" type=\"file\" name=\"your-resume\" \/><\/span>\n    <\/div>\n  <\/div>\n  <div class=\"column d-flex justify-content-end\">\n    <span class=\"wpcf7-form-control-wrap\" data-name=\"confEmail\"><input size=\"40\" maxlength=\"400\" class=\"wpcf7-form-control wpcf7-text\" id=\"confEmail\" aria-invalid=\"false\" value=\"\" type=\"text\" name=\"confEmail\" \/><\/span><input class=\"wpcf7-form-control wpcf7-submit has-spinner btn contact\" type=\"submit\" value=\"Submit\" \/>\n  <\/div>\n<\/div><div class=\"wpcf7-response-output\" aria-hidden=\"true\"><\/div>\n<\/form>\n<\/div>\n<\/div>\n<\/p><\/div>\n<\/p><\/div>\n<p><!-- \/lc-block --><br \/>\n\t\t\t\t\t<!-- \/lc-block -->\n\t\t\t\t<\/div>\n<\/p><\/div>\n<p><!-- \/col -->\n\t\t<\/div>\n<\/p><\/div>\n<\/section>\n","protected":false},"excerpt":{"rendered":"<p>Alarme Doven is currently looking for a full-time security technician! Are you the type of person who is looking for a great team dynamic? Enjoy doing something different every day? Enjoy being on the road and helping people feel more secure? Then come join the winning team! \u2022&nbsp;&nbsp;&nbsp; Must be Bilingual \u2022&nbsp;&nbsp;&nbsp; Must have 1 [&hellip;]<\/p>\n","protected":false},"author":1,"featured_media":0,"parent":0,"menu_order":0,"comment_status":"closed","ping_status":"closed","template":"","meta":{"footnotes":""},"class_list":["post-527","page","type-page","status-publish","hentry"],"yoast_head":"<!-- This site is optimized with the Yoast SEO plugin v25.7 - https:\/\/yoast.com\/wordpress\/plugins\/seo\/ -->\n<title>Security technician Montreal | Alarme Doven<\/title>\n<meta name=\"description\" content=\"Do you enjoy doing something different every day? Do you like being on the road and helping people feel safer? Then join the winning team!\" \/>\n<meta name=\"robots\" content=\"index, follow, max-snippet:-1, max-image-preview:large, max-video-preview:-1\" \/>\n<link rel=\"canonical\" href=\"https:\/\/www.alarmedoven.com\/en\/careers\/\" \/>\n<meta property=\"og:locale\" content=\"en_US\" \/>\n<meta property=\"og:type\" content=\"article\" \/>\n<meta property=\"og:title\" content=\"Security technician Montreal | Alarme Doven\" \/>\n<meta property=\"og:description\" content=\"Do you enjoy doing something different every day? Do you like being on the road and helping people feel safer? Then join the winning team!\" \/>\n<meta property=\"og:url\" content=\"https:\/\/www.alarmedoven.com\/en\/careers\/\" \/>\n<meta property=\"og:site_name\" content=\"Alarme Doven\" \/>\n<meta property=\"article:modified_time\" content=\"2024-10-31T17:49:47+00:00\" \/>\n<meta name=\"twitter:card\" content=\"summary_large_image\" \/>\n<meta name=\"twitter:label1\" content=\"Est. reading time\" \/>\n\t<meta name=\"twitter:data1\" content=\"1 minute\" \/>\n<script type=\"application\/ld+json\" class=\"yoast-schema-graph\">{\"@context\":\"https:\/\/schema.org\",\"@graph\":[{\"@type\":\"WebPage\",\"@id\":\"https:\/\/www.alarmedoven.com\/en\/careers\/\",\"url\":\"https:\/\/www.alarmedoven.com\/en\/careers\/\",\"name\":\"Security technician Montreal | Alarme Doven\",\"isPartOf\":{\"@id\":\"https:\/\/www.alarmedoven.com\/en\/#website\"},\"datePublished\":\"2021-05-20T12:56:06+00:00\",\"dateModified\":\"2024-10-31T17:49:47+00:00\",\"description\":\"Do you enjoy doing something different every day? Do you like being on the road and helping people feel safer? Then join the winning team!\",\"breadcrumb\":{\"@id\":\"https:\/\/www.alarmedoven.com\/en\/careers\/#breadcrumb\"},\"inLanguage\":\"en-US\",\"potentialAction\":[{\"@type\":\"ReadAction\",\"target\":[\"https:\/\/www.alarmedoven.com\/en\/careers\/\"]}]},{\"@type\":\"BreadcrumbList\",\"@id\":\"https:\/\/www.alarmedoven.com\/en\/careers\/#breadcrumb\",\"itemListElement\":[{\"@type\":\"ListItem\",\"position\":1,\"name\":\"Home\",\"item\":\"https:\/\/www.alarmedoven.com\/en\/\"},{\"@type\":\"ListItem\",\"position\":2,\"name\":\"Careers\"}]},{\"@type\":\"WebSite\",\"@id\":\"https:\/\/www.alarmedoven.com\/en\/#website\",\"url\":\"https:\/\/www.alarmedoven.com\/en\/\",\"name\":\"Alarme Doven\",\"description\":\"Syst\u00e8me d\u2019alarme r\u00e9sidentiel et commercial \u00e0 Laval\",\"publisher\":{\"@id\":\"https:\/\/www.alarmedoven.com\/en\/#organization\"},\"potentialAction\":[{\"@type\":\"SearchAction\",\"target\":{\"@type\":\"EntryPoint\",\"urlTemplate\":\"https:\/\/www.alarmedoven.com\/en\/?s={search_term_string}\"},\"query-input\":{\"@type\":\"PropertyValueSpecification\",\"valueRequired\":true,\"valueName\":\"search_term_string\"}}],\"inLanguage\":\"en-US\"},{\"@type\":\"Organization\",\"@id\":\"https:\/\/www.alarmedoven.com\/en\/#organization\",\"name\":\"Alarme Doven\",\"url\":\"https:\/\/www.alarmedoven.com\/en\/\",\"logo\":{\"@type\":\"ImageObject\",\"inLanguage\":\"en-US\",\"@id\":\"https:\/\/www.alarmedoven.com\/en\/#\/schema\/logo\/image\/\",\"url\":\"https:\/\/www.alarmedoven.com\/wp-content\/uploads\/2020\/06\/logo.svg\",\"contentUrl\":\"https:\/\/www.alarmedoven.com\/wp-content\/uploads\/2020\/06\/logo.svg\",\"caption\":\"Alarme Doven\"},\"image\":{\"@id\":\"https:\/\/www.alarmedoven.com\/en\/#\/schema\/logo\/image\/\"}}]}<\/script>\n<!-- \/ Yoast SEO plugin. -->","yoast_head_json":{"title":"Security technician Montreal | Alarme Doven","description":"Do you enjoy doing something different every day? Do you like being on the road and helping people feel safer? Then join the winning team!","robots":{"index":"index","follow":"follow","max-snippet":"max-snippet:-1","max-image-preview":"max-image-preview:large","max-video-preview":"max-video-preview:-1"},"canonical":"https:\/\/www.alarmedoven.com\/en\/careers\/","og_locale":"en_US","og_type":"article","og_title":"Security technician Montreal | Alarme Doven","og_description":"Do you enjoy doing something different every day? Do you like being on the road and helping people feel safer? Then join the winning team!","og_url":"https:\/\/www.alarmedoven.com\/en\/careers\/","og_site_name":"Alarme Doven","article_modified_time":"2024-10-31T17:49:47+00:00","twitter_card":"summary_large_image","twitter_misc":{"Est. reading time":"1 minute"},"schema":{"@context":"https:\/\/schema.org","@graph":[{"@type":"WebPage","@id":"https:\/\/www.alarmedoven.com\/en\/careers\/","url":"https:\/\/www.alarmedoven.com\/en\/careers\/","name":"Security technician Montreal | Alarme Doven","isPartOf":{"@id":"https:\/\/www.alarmedoven.com\/en\/#website"},"datePublished":"2021-05-20T12:56:06+00:00","dateModified":"2024-10-31T17:49:47+00:00","description":"Do you enjoy doing something different every day? Do you like being on the road and helping people feel safer? Then join the winning team!","breadcrumb":{"@id":"https:\/\/www.alarmedoven.com\/en\/careers\/#breadcrumb"},"inLanguage":"en-US","potentialAction":[{"@type":"ReadAction","target":["https:\/\/www.alarmedoven.com\/en\/careers\/"]}]},{"@type":"BreadcrumbList","@id":"https:\/\/www.alarmedoven.com\/en\/careers\/#breadcrumb","itemListElement":[{"@type":"ListItem","position":1,"name":"Home","item":"https:\/\/www.alarmedoven.com\/en\/"},{"@type":"ListItem","position":2,"name":"Careers"}]},{"@type":"WebSite","@id":"https:\/\/www.alarmedoven.com\/en\/#website","url":"https:\/\/www.alarmedoven.com\/en\/","name":"Alarme Doven","description":"Syst\u00e8me d\u2019alarme r\u00e9sidentiel et commercial \u00e0 Laval","publisher":{"@id":"https:\/\/www.alarmedoven.com\/en\/#organization"},"potentialAction":[{"@type":"SearchAction","target":{"@type":"EntryPoint","urlTemplate":"https:\/\/www.alarmedoven.com\/en\/?s={search_term_string}"},"query-input":{"@type":"PropertyValueSpecification","valueRequired":true,"valueName":"search_term_string"}}],"inLanguage":"en-US"},{"@type":"Organization","@id":"https:\/\/www.alarmedoven.com\/en\/#organization","name":"Alarme Doven","url":"https:\/\/www.alarmedoven.com\/en\/","logo":{"@type":"ImageObject","inLanguage":"en-US","@id":"https:\/\/www.alarmedoven.com\/en\/#\/schema\/logo\/image\/","url":"https:\/\/www.alarmedoven.com\/wp-content\/uploads\/2020\/06\/logo.svg","contentUrl":"https:\/\/www.alarmedoven.com\/wp-content\/uploads\/2020\/06\/logo.svg","caption":"Alarme Doven"},"image":{"@id":"https:\/\/www.alarmedoven.com\/en\/#\/schema\/logo\/image\/"}}]}},"_links":{"self":[{"href":"https:\/\/www.alarmedoven.com\/en\/wp-json\/wp\/v2\/pages\/527","targetHints":{"allow":["GET"]}}],"collection":[{"href":"https:\/\/www.alarmedoven.com\/en\/wp-json\/wp\/v2\/pages"}],"about":[{"href":"https:\/\/www.alarmedoven.com\/en\/wp-json\/wp\/v2\/types\/page"}],"author":[{"embeddable":true,"href":"https:\/\/www.alarmedoven.com\/en\/wp-json\/wp\/v2\/users\/1"}],"replies":[{"embeddable":true,"href":"https:\/\/www.alarmedoven.com\/en\/wp-json\/wp\/v2\/comments?post=527"}],"version-history":[{"count":4,"href":"https:\/\/www.alarmedoven.com\/en\/wp-json\/wp\/v2\/pages\/527\/revisions"}],"predecessor-version":[{"id":728,"href":"https:\/\/www.alarmedoven.com\/en\/wp-json\/wp\/v2\/pages\/527\/revisions\/728"}],"wp:attachment":[{"href":"https:\/\/www.alarmedoven.com\/en\/wp-json\/wp\/v2\/media?parent=527"}],"curies":[{"name":"wp","href":"https:\/\/api.w.org\/{rel}","templated":true}]}}